{"id":10160,"date":"2026-02-04T14:09:40","date_gmt":"2026-02-04T14:09:40","guid":{"rendered":"https:\/\/totalutilidadesltda.shop\/?page_id=10160"},"modified":"2026-02-04T14:49:32","modified_gmt":"2026-02-04T14:49:32","slug":"programa-de-fidelidade","status":"publish","type":"page","link":"https:\/\/totalutilidadesltda.shop\/total-utilidades\/programa-de-fidelidade\/","title":{"rendered":"Programa de Fidelidade"},"content":{"rendered":"\t\t<div data-elementor-type=\"wp-page\" data-elementor-id=\"10160\" class=\"elementor elementor-10160\" data-elementor-post-type=\"page\">\n\t\t\t\t<div class=\"elementor-element elementor-element-959e774 e-flex e-con-boxed e-con e-parent\" data-id=\"959e774\" data-element_type=\"container\" data-e-type=\"container\">\n\t\t\t\t\t<div class=\"e-con-inner\">\n\t\t\t\t<div class=\"elementor-element elementor-element-85b61d8 elementor-widget elementor-widget-heading\" data-id=\"85b61d8\" data-element_type=\"widget\" data-e-type=\"widget\" data-widget_type=\"heading.default\">\n\t\t\t\t\t<h2 class=\"elementor-heading-title elementor-size-default\">Regras do Benef\u00edcio<\/h2>\t\t\t\t<\/div>\n\t\t\t\t<div class=\"elementor-element elementor-element-98bcf21 elementor-widget elementor-widget-text-editor\" data-id=\"98bcf21\" data-element_type=\"widget\" data-e-type=\"widget\" data-widget_type=\"text-editor.default\">\n\t\t\t\t\t\t\t\t\t<p><strong data-start=\"1432\" data-end=\"1450\"><img decoding=\"async\" class=\"wp-image-9623 alignleft\" src=\"https:\/\/totalutilidadesltda.shop\/wp-content\/uploads\/2026\/01\/Prata-Image-30-de-dez.-de-2025-17_45_36.svg\" alt=\"\" width=\"40\" height=\"40\" \/><\/strong>\u2022 <strong data-start=\"1432\" data-end=\"1450\">Cliente Prata: <\/strong>concedido automaticamente ap\u00f3s a cria\u00e7\u00e3o do cadastro em nosso site.<\/p>\t\t\t\t\t\t\t\t<\/div>\n\t\t\t\t<div class=\"elementor-element elementor-element-45b68dd elementor-widget elementor-widget-text-editor\" data-id=\"45b68dd\" data-element_type=\"widget\" data-e-type=\"widget\" data-widget_type=\"text-editor.default\">\n\t\t\t\t\t\t\t\t\t<p><img decoding=\"async\" class=\"wp-image-9624 alignleft\" src=\"https:\/\/totalutilidadesltda.shop\/wp-content\/uploads\/2026\/01\/Ouro-Image-30-de-dez.-de-2025-17_54_49.svg\" alt=\"\" width=\"40\" height=\"40\" \/>\u2022 <strong data-start=\"1522\" data-end=\"1539\">Cliente Ouro: <\/strong>concedido ao atingir o total acumulado de <strong data-start=\"1582\" data-end=\"1632\">R$ 15.000,00 em compras no per\u00edodo de 12 meses<\/strong>, contados a partir da data da primeira compra realizada.<\/p>\t\t\t\t\t\t\t\t<\/div>\n\t\t\t\t<div class=\"elementor-element elementor-element-44c71da elementor-widget elementor-widget-text-editor\" data-id=\"44c71da\" data-element_type=\"widget\" data-e-type=\"widget\" data-widget_type=\"text-editor.default\">\n\t\t\t\t\t\t\t\t\t<p data-start=\"1520\" data-end=\"1689\"><img decoding=\"async\" class=\"wp-image-9625 alignleft\" src=\"https:\/\/totalutilidadesltda.shop\/wp-content\/uploads\/2026\/01\/Diamante-Image-30-de-dez.-de-2025-17_56_55.svg\" alt=\"\" width=\"40\" height=\"40\" \/>\u2022 <strong data-start=\"1693\" data-end=\"1714\">Cliente Diamante: <\/strong>concedido ao atingir o total acumulado de <strong data-start=\"1757\" data-end=\"1784\">R$ 50.000,00 em compras<\/strong>, sem limite de prazo, considerando o hist\u00f3rico total de compras do cliente.<\/p><p data-start=\"1862\" data-end=\"1961\">* O enquadramento \u00e9 feito automaticamente pelo sistema ap\u00f3s a confirma\u00e7\u00e3o do pagamento dos pedidos.<\/p><p data-start=\"1963\" data-end=\"2044\">* As regras do programa podem ser atualizadas mediante aviso pr\u00e9vio nesta p\u00e1gina.<\/p>\t\t\t\t\t\t\t\t<\/div>\n\t\t\t\t\t<\/div>\n\t\t\t\t<\/div>\n\t\t\t\t<\/div>\n\t\t","protected":false},"excerpt":{"rendered":"<p>Regras do Benef\u00edcio \u2022 Cliente Prata: concedido automaticamente ap\u00f3s a cria\u00e7\u00e3o do cadastro em nosso site. \u2022 Cliente Ouro: concedido ao atingir o total acumulado de R$ 15.000,00 em compras no per\u00edodo de 12 meses, contados a partir da data da primeira compra realizada. \u2022 Cliente Diamante: concedido ao atingir o total acumulado de R$ [&hellip;]<\/p>\n","protected":false},"author":1,"featured_media":0,"parent":0,"menu_order":0,"comment_status":"closed","ping_status":"closed","template":"","meta":{"_monsterinsights_skip_tracking":false,"_monsterinsights_sitenote_active":false,"_monsterinsights_sitenote_note":"","_monsterinsights_sitenote_category":0,"_uf_show_specific_survey":0,"_uf_disable_surveys":false,"footnotes":""},"class_list":["post-10160","page","type-page","status-publish","hentry"],"_hostinger_reach_plugin_has_subscription_block":false,"_hostinger_reach_plugin_is_elementor":false,"_links":{"self":[{"href":"https:\/\/totalutilidadesltda.shop\/total-utilidades\/wp-json\/wp\/v2\/pages\/10160","targetHints":{"allow":["GET"]}}],"collection":[{"href":"https:\/\/totalutilidadesltda.shop\/total-utilidades\/wp-json\/wp\/v2\/pages"}],"about":[{"href":"https:\/\/totalutilidadesltda.shop\/total-utilidades\/wp-json\/wp\/v2\/types\/page"}],"author":[{"embeddable":true,"href":"https:\/\/totalutilidadesltda.shop\/total-utilidades\/wp-json\/wp\/v2\/users\/1"}],"replies":[{"embeddable":true,"href":"https:\/\/totalutilidadesltda.shop\/total-utilidades\/wp-json\/wp\/v2\/comments?post=10160"}],"version-history":[{"count":12,"href":"https:\/\/totalutilidadesltda.shop\/total-utilidades\/wp-json\/wp\/v2\/pages\/10160\/revisions"}],"predecessor-version":[{"id":10180,"href":"https:\/\/totalutilidadesltda.shop\/total-utilidades\/wp-json\/wp\/v2\/pages\/10160\/revisions\/10180"}],"wp:attachment":[{"href":"https:\/\/totalutilidadesltda.shop\/total-utilidades\/wp-json\/wp\/v2\/media?parent=10160"}],"curies":[{"name":"wp","href":"https:\/\/api.w.org\/{rel}","templated":true}]}}