{"id":2100,"date":"2025-10-02T14:54:57","date_gmt":"2025-10-02T14:54:57","guid":{"rendered":"https:\/\/totalutilidadesltda.shop\/?page_id=2100"},"modified":"2026-03-11T16:36:09","modified_gmt":"2026-03-11T16:36:09","slug":"minha-conta","status":"publish","type":"page","link":"https:\/\/totalutilidadesltda.shop\/total-utilidades\/minha-conta\/","title":{"rendered":"Minha conta"},"content":{"rendered":"\t\t<div data-elementor-type=\"wp-page\" data-elementor-id=\"2100\" class=\"elementor elementor-2100\" data-elementor-post-type=\"page\">\n\t\t\t\t<div class=\"elementor-element elementor-element-5f2e6b2 e-con-full e-flex e-con e-parent\" data-id=\"5f2e6b2\" data-element_type=\"container\" data-e-type=\"container\">\n\t\t\t\t<div class=\"elementor-element elementor-element-0c58270 elementor-widget elementor-widget-heading\" data-id=\"0c58270\" data-element_type=\"widget\" data-e-type=\"widget\" data-widget_type=\"heading.default\">\n\t\t\t\t\t<h2 class=\"elementor-heading-title elementor-size-default\">Minha Conta<\/h2>\t\t\t\t<\/div>\n\t\t\t\t<div class=\"elementor-element elementor-element-d9b94f9 elementor-widget elementor-widget-text-editor\" data-id=\"d9b94f9\" data-element_type=\"widget\" data-e-type=\"widget\" data-widget_type=\"text-editor.default\">\n\t\t\t\t\t\t\t\t\t<p><strong>Aviso importante sobre acompanhamento de pedidos<\/strong><\/p><p>Para acompanhar seus pedidos diretamente no painel <strong>\u201cMinha Conta \u2192 Pedidos\u201d<\/strong>, \u00e9 necess\u00e1rio realizar a compra estando logado em uma conta.<\/p><p>Pedidos feitos como visitante (sem login) continuam sendo processados normalmente, por\u00e9m podem n\u00e3o aparecer automaticamente na \u00e1rea de pedidos da conta.<\/p><p>Caso tenha finalizado a compra como visitante, voc\u00ea ainda receber\u00e1 todas as atualiza\u00e7\u00f5es do pedido por e-mail. Se precisar de ajuda para localizar ou acompanhar seu pedido, entre em contato com nosso suporte informando o e-mail utilizado na compra.<\/p><p>.<\/p>\t\t\t\t\t\t\t\t<\/div>\n\t\t\t\t<div class=\"elementor-element elementor-element-a9661d1 elementor-widget elementor-widget-shortcode\" data-id=\"a9661d1\" data-element_type=\"widget\" data-e-type=\"widget\" data-widget_type=\"shortcode.default\">\n\t\t\t\t\t\t\t<div class=\"elementor-shortcode\">\n<\/div>\n\t\t\t\t\t\t<\/div>\n\t\t\t\t<div class=\"elementor-element elementor-element-f4503eb elementor-widget elementor-widget-text-editor\" data-id=\"f4503eb\" data-element_type=\"widget\" data-e-type=\"widget\" data-widget_type=\"text-editor.default\">\n\t\t\t\t\t\t\t\t\t<p><a href=\"https:\/\/totalutilidadesltda.shop\/programa-de-fidelidade\/\">Saiba Mais<\/a><\/p>\t\t\t\t\t\t\t\t<\/div>\n\t\t\t\t<div class=\"elementor-element elementor-element-2de77be e-my-account-tabs-horizontal elementor-widget elementor-widget-woocommerce-my-account\" data-id=\"2de77be\" data-element_type=\"widget\" data-e-type=\"widget\" data-settings=\"{&quot;customize_dashboard_check&quot;:&quot;yes&quot;}\" data-widget_type=\"woocommerce-my-account.default\">\n\t\t\t\t\t<div class=\"e-my-account-tab e-my-account-tab__ \">\t\t\t<div class=\"woocommerce\"><\/div>\t\t<\/div>\n\t\t\t\t\t\t<\/div>\n\t\t\t\t<div class=\"elementor-element elementor-element-5614207 elementor-widget elementor-widget-shortcode\" data-id=\"5614207\" data-element_type=\"widget\" data-e-type=\"widget\" data-widget_type=\"shortcode.default\">\n\t\t\t\t\t\t\t<div class=\"elementor-shortcode\">\n<\/div>\n\t\t\t\t\t\t<\/div>\n\t\t\t\t<\/div>\n\t\t\t\t<\/div>\n\t\t","protected":false},"excerpt":{"rendered":"<p>Minha Conta Aviso importante sobre acompanhamento de pedidos Para acompanhar seus pedidos diretamente no painel \u201cMinha Conta \u2192 Pedidos\u201d, \u00e9 necess\u00e1rio realizar a compra estando logado em uma conta. Pedidos feitos como visitante (sem login) continuam sendo processados normalmente, por\u00e9m podem n\u00e3o aparecer automaticamente na \u00e1rea de pedidos da conta. Caso tenha finalizado a compra [&hellip;]<\/p>\n","protected":false},"author":1,"featured_media":0,"parent":0,"menu_order":0,"comment_status":"closed","ping_status":"closed","template":"elementor_header_footer","meta":{"_monsterinsights_skip_tracking":false,"_monsterinsights_sitenote_active":false,"_monsterinsights_sitenote_note":"","_monsterinsights_sitenote_category":0,"_uf_show_specific_survey":0,"_uf_disable_surveys":false,"footnotes":""},"class_list":["post-2100","page","type-page","status-publish","hentry"],"_hostinger_reach_plugin_has_subscription_block":false,"_hostinger_reach_plugin_is_elementor":false,"_links":{"self":[{"href":"https:\/\/totalutilidadesltda.shop\/total-utilidades\/wp-json\/wp\/v2\/pages\/2100","targetHints":{"allow":["GET"]}}],"collection":[{"href":"https:\/\/totalutilidadesltda.shop\/total-utilidades\/wp-json\/wp\/v2\/pages"}],"about":[{"href":"https:\/\/totalutilidadesltda.shop\/total-utilidades\/wp-json\/wp\/v2\/types\/page"}],"author":[{"embeddable":true,"href":"https:\/\/totalutilidadesltda.shop\/total-utilidades\/wp-json\/wp\/v2\/users\/1"}],"replies":[{"embeddable":true,"href":"https:\/\/totalutilidadesltda.shop\/total-utilidades\/wp-json\/wp\/v2\/comments?post=2100"}],"version-history":[{"count":169,"href":"https:\/\/totalutilidadesltda.shop\/total-utilidades\/wp-json\/wp\/v2\/pages\/2100\/revisions"}],"predecessor-version":[{"id":10466,"href":"https:\/\/totalutilidadesltda.shop\/total-utilidades\/wp-json\/wp\/v2\/pages\/2100\/revisions\/10466"}],"wp:attachment":[{"href":"https:\/\/totalutilidadesltda.shop\/total-utilidades\/wp-json\/wp\/v2\/media?parent=2100"}],"curies":[{"name":"wp","href":"https:\/\/api.w.org\/{rel}","templated":true}]}}